{"id":2967,"date":"2025-06-27T15:49:08","date_gmt":"2025-06-27T13:49:08","guid":{"rendered":"https:\/\/eilionoirgrabov.com\/?page_id=2967"},"modified":"2025-07-08T11:11:43","modified_gmt":"2025-07-08T09:11:43","slug":"drenaz-limfatyczny","status":"publish","type":"page","link":"https:\/\/eilionoirgrabov.com\/pl\/drenaz-limfatyczny\/","title":{"rendered":"Drena\u017c limfatyczny"},"content":{"rendered":"<section class=\"acf-hiperbaryczne-banner service-page page-drenaz hiperbaryczne-hero\">\n\t\t<div class=\"hiperbaryczne-hero__title \">\n\t\t\n\t\t\t\t\t\t\t<h1>drena\u017c limfatyczny<\/h1>\n\t\t\t\n\t\t\t\t\t\t\t<p>wspomaganie naturalnego detoksu cia\u0142a<\/p>\n\t\t\t\t\t\t\t\t<div class=\"hiperbaryczne-hero__buttonWrapper\">\n\t\t\t\t<a href=\"https:\/\/wa.me\/41764518955\" target=\"_blank\">\n\t\t\t\t\t<button class=\"page__button text-small title__button title__button--white hiperbaryczne-hero__buttonReserve\">Rezerwuj termin<\/button>\n\t\t\t\t<\/a>\n\t\t\t<\/div>\n\t\t\n\t  \n\t  \t<\/div>\n\t<div class=\"hiperbaryczne-hero__imageWrapper image_hide_bg\">\n\t\t<picture>\n\t\t\t<source srcset=\"https:\/\/eilionoirgrabov.com\/wp-content\/uploads\/2025\/06\/u6581621362_A_natural_landscape_featuring_a_small_cascading_w_34d5fa15-ca9b-478a-87bd-6068a32388e0_0-1-1-1.png\" media=\"(max-width: 768px)\">\n\t\t\t<img decoding=\"async\" src=\"https:\/\/eilionoirgrabov.com\/wp-content\/uploads\/2025\/06\/Image-30-1.png\" alt=\"img\" class=\"\">\n\t\t<\/picture>\n\t<\/div>\n\n\t<a href=\"#footer\" class=\"page__buttonTop hero__button hiperbaryczne-hero__button\">\n\t\t<svg xmlns=\"http:\/\/www.w3.org\/2000\/svg\" width=\"22\" height=\"28\" viewBox=\"0 0 22 28\" fill=\"none\">\n\t\t\t<path d=\"M9.66602 2.00048L9.66602 22.7818L2.60868 15.7245C2.48538 15.5984 2.33828 15.498 2.17592 15.4292C2.01356 15.3604 1.83916 15.3244 1.66281 15.3234C1.48646 15.3225 1.31167 15.3565 1.14856 15.4235C0.985452 15.4906 0.837262 15.5893 0.712573 15.714C0.587886 15.8387 0.489175 15.987 0.422158 16.1501C0.355142 16.3132 0.321149 16.488 0.32215 16.6643C0.323153 16.8407 0.359132 17.0151 0.427997 17.1774C0.496863 17.3398 0.597251 17.4869 0.723349 17.6101L10.0567 26.9435C10.3067 27.1934 10.6458 27.3339 10.9993 27.3339C11.3529 27.3339 11.692 27.1934 11.942 26.9435L21.2753 17.6101C21.3994 17.4865 21.4978 17.3395 21.5648 17.1776C21.6319 17.0158 21.6663 16.8423 21.666 16.6671C21.666 16.4035 21.5877 16.1457 21.4412 15.9265C21.2947 15.7073 21.0865 15.5365 20.8429 15.4356C20.5993 15.3347 20.3312 15.3083 20.0726 15.3597C19.814 15.4111 19.5765 15.5381 19.39 15.7245L12.3327 22.7818L12.3327 2.00048C12.3327 1.64686 12.1922 1.30772 11.9422 1.05767C11.6921 0.807618 11.353 0.667144 10.9994 0.667144C10.6457 0.667144 10.3066 0.807618 10.0565 1.05767C9.80649 1.30772 9.66602 1.64686 9.66602 2.00048Z\" fill=\"black\"\/>\n\t\t<\/svg>\n\t<\/a>\n<\/section><section class=\"drenaz-main\">\n\t<div class=\"drenaz-main__container\">\n\t\t<p>Stworzony w celu poprawy przep\u0142ywu i drena\u017cu <br \/>limfy &#8211; p\u0142ynu, kt\u00f3ry pomaga usuwa\u0107 z organizmu <br \/> toksyny i odpady.<\/p>\n<p>G\u0142\u00f3wne wskazania <br \/>do wykonania masa\u017cu limfatycznego to <br \/>zastoje limfatyczne, obrz\u0119ki, cukrzyca. <\/p>\n<p> Limfodrena\u017c wykonywany jest tak\u017ce cz\u0119sto jako <span style=\"color: orange; font-weight: bold;\">zabieg wspomagaj\u0105cy proces odchudzania<\/span> i <span style=\"color: orange; font-weight: bold;\">redukcji cellulitu.<\/span> Tak\u017ce w celu detoksykacji organizmu oraz poprawie og\u00f3lnego samopoczucia.<\/p>\n<div class=\"drenaz-main__textBlock\">\n<p> Kr\u0105\u017cenie limfy jest bardzo wa\u017cne do utrzymania prawid\u0142owej homeostazy w ludzkim organizmie.<\/p>\n<\/p><\/div>\n<p>Skontaktuj sie ze mn\u0105 po wi\u0119cej informacji<\/p>\n\n\t\t\t\t\t<a href=\"https:\/\/wa.me\/41764518955\" target=\"_blank\">\n\t\t\t\t<button class=\"page__button text-small title__button\">Rezerwuj termin<\/button>\n\t\t\t<\/a>\n\t\t\t<\/div>\n<\/section><section class=\"acf-logo main-logoBlock main-logoBlock\">\n                <a href=\"#\"\n           target=\"\"\n           rel=\"\"\n           class=\"main-logoBlock__logo main-logoBlock__logo\">\n                <img loading=\"lazy\" decoding=\"async\" width=\"968\" height=\"688\" src=\"https:\/\/eilionoirgrabov.com\/wp-content\/uploads\/2025\/05\/Mask-group-2-1-1.png\" class=\"attachment-full size-full\" alt=\"\" srcset=\"https:\/\/eilionoirgrabov.com\/wp-content\/uploads\/2025\/05\/Mask-group-2-1-1.png 968w, https:\/\/eilionoirgrabov.com\/wp-content\/uploads\/2025\/05\/Mask-group-2-1-1-600x426.png 600w, https:\/\/eilionoirgrabov.com\/wp-content\/uploads\/2025\/05\/Mask-group-2-1-1-300x213.png 300w, https:\/\/eilionoirgrabov.com\/wp-content\/uploads\/2025\/05\/Mask-group-2-1-1-768x546.png 768w\" sizes=\"auto, (max-width: 968px) 100vw, 968px\" \/>        <\/a>\n             <\/section><section class=\"acf-main-form form\" id=\"form\">\n                    <div class=\"form__imageBlock\">\n                <img loading=\"lazy\" decoding=\"async\" width=\"1752\" height=\"1911\" src=\"https:\/\/eilionoirgrabov.com\/wp-content\/uploads\/2025\/05\/formImage-2.png\" class=\"attachment-full size-full\" alt=\"\" srcset=\"https:\/\/eilionoirgrabov.com\/wp-content\/uploads\/2025\/05\/formImage-2.png 1752w, https:\/\/eilionoirgrabov.com\/wp-content\/uploads\/2025\/05\/formImage-2-275x300.png 275w, https:\/\/eilionoirgrabov.com\/wp-content\/uploads\/2025\/05\/formImage-2-939x1024.png 939w, https:\/\/eilionoirgrabov.com\/wp-content\/uploads\/2025\/05\/formImage-2-768x838.png 768w, https:\/\/eilionoirgrabov.com\/wp-content\/uploads\/2025\/05\/formImage-2-1408x1536.png 1408w\" sizes=\"auto, (max-width: 1752px) 100vw, 1752px\" \/>            <\/div>\n                <div class=\"form__form\">\n                            \n<div class=\"wpcf7 no-js\" id=\"wpcf7-f123-o1\" lang=\"pl-PL\" dir=\"ltr\" data-wpcf7-id=\"123\">\n<div class=\"screen-reader-response\"><p role=\"status\" aria-live=\"polite\" aria-atomic=\"true\"><\/p> <ul><\/ul><\/div>\n<form action=\"\/pl\/wp-json\/wp\/v2\/pages\/2967#wpcf7-f123-o1\" method=\"post\" class=\"wpcf7-form init\" aria-label=\"Formularz kontaktowy\" novalidate=\"novalidate\" data-status=\"init\">\n<div style=\"display: none;\">\n<input type=\"hidden\" name=\"_wpcf7\" value=\"123\" \/>\n<input type=\"hidden\" name=\"_wpcf7_version\" value=\"6.0.6\" \/>\n<input type=\"hidden\" name=\"_wpcf7_locale\" value=\"pl_PL\" \/>\n<input type=\"hidden\" name=\"_wpcf7_unit_tag\" value=\"wpcf7-f123-o1\" \/>\n<input type=\"hidden\" name=\"_wpcf7_container_post\" value=\"0\" \/>\n<input type=\"hidden\" name=\"_wpcf7_posted_data_hash\" value=\"\" \/>\n<input type=\"hidden\" name=\"_wpcf7_recaptcha_response\" value=\"\" \/>\n<\/div>\n<h2>Skontaktuj si\u0119 zE mn\u0105\n<\/h2>\n<p><span class=\"wpcf7-form-control-wrap\" data-name=\"FirstName\"><input size=\"40\" maxlength=\"400\" class=\"wpcf7-form-control wpcf7-text wpcf7-validates-as-required\" id=\"FirstName\" aria-required=\"true\" aria-invalid=\"false\" placeholder=\"Imi\u0119\" value=\"\" type=\"text\" name=\"FirstName\" \/><\/span>\n<\/p>\n<p><span class=\"wpcf7-form-control-wrap\" data-name=\"LastName\"><input size=\"40\" maxlength=\"400\" class=\"wpcf7-form-control wpcf7-text wpcf7-validates-as-required\" id=\"LastName\" aria-required=\"true\" aria-invalid=\"false\" placeholder=\"Nazwisko\" value=\"\" type=\"text\" name=\"LastName\" \/><\/span>\n<\/p>\n<p><span class=\"wpcf7-form-control-wrap\" data-name=\"Email\"><input size=\"40\" maxlength=\"400\" class=\"wpcf7-form-control wpcf7-email wpcf7-validates-as-required wpcf7-text wpcf7-validates-as-email\" id=\"email\" aria-required=\"true\" aria-invalid=\"false\" placeholder=\"E-mail\" value=\"\" type=\"email\" name=\"Email\" \/><\/span>\n<\/p>\n<p><span class=\"wpcf7-form-control-wrap\" data-name=\"Phone\"><input size=\"40\" maxlength=\"400\" class=\"wpcf7-form-control wpcf7-text wpcf7-validates-as-required\" id=\"phone\" aria-required=\"true\" aria-invalid=\"false\" placeholder=\"Numer kontaktowy\" value=\"\" type=\"text\" name=\"Phone\" \/><\/span>\n<\/p>\n<p><span class=\"wpcf7-form-control-wrap\" data-name=\"Message\"><textarea cols=\"40\" rows=\"10\" maxlength=\"2000\" class=\"wpcf7-form-control wpcf7-textarea wpcf7-validates-as-required\" id=\"message\" aria-required=\"true\" aria-invalid=\"false\" placeholder=\"Wiadomo\u015b\u0107\" name=\"Message\"><\/textarea><\/span>\n<\/p>\n<p><input class=\"wpcf7-form-control wpcf7-submit has-spinner page__button text-small form__button\" type=\"submit\" value=\"Kontakt\" \/>\n<\/p><p style=\"display: none !important;\" class=\"akismet-fields-container\" data-prefix=\"_wpcf7_ak_\"><label>&#916;<textarea name=\"_wpcf7_ak_hp_textarea\" cols=\"45\" rows=\"8\" maxlength=\"100\"><\/textarea><\/label><input type=\"hidden\" id=\"ak_js_1\" name=\"_wpcf7_ak_js\" value=\"141\"\/><script>document.getElementById( \"ak_js_1\" ).setAttribute( \"value\", ( new Date() ).getTime() );<\/script><\/p><div class=\"wpcf7-response-output\" aria-hidden=\"true\"><\/div>\n<\/form>\n<\/div>\n                    <\/div>\n    <\/section>","protected":false},"excerpt":{"rendered":"","protected":false},"author":1,"featured_media":0,"parent":0,"menu_order":0,"comment_status":"closed","ping_status":"closed","template":"templates\/blocks-page-woocommerce-product.php","meta":{"_acf_changed":false,"footnotes":""},"class_list":["post-2967","page","type-page","status-publish","hentry"],"acf":[],"yoast_head":"<!-- This site is optimized with the Yoast SEO plugin v25.3.1 - https:\/\/yoast.com\/wordpress\/plugins\/seo\/ -->\n<title>Drena\u017c limfatyczny - Eilionoir Grab\u00f6v\u00ae\ufe0f OBSAA - Odm\u0142odzenie Kom\u00f3rkowe<\/title>\n<meta name=\"robots\" content=\"index, follow, max-snippet:-1, max-image-preview:large, max-video-preview:-1\" \/>\n<link rel=\"canonical\" href=\"https:\/\/eilionoirgrabov.com\/pl\/drenaz-limfatyczny\/\" \/>\n<meta property=\"og:locale\" content=\"pl_PL\" \/>\n<meta property=\"og:type\" content=\"article\" \/>\n<meta property=\"og:title\" content=\"Drena\u017c limfatyczny - Eilionoir Grab\u00f6v\u00ae\ufe0f OBSAA - Odm\u0142odzenie Kom\u00f3rkowe\" \/>\n<meta property=\"og:url\" content=\"https:\/\/eilionoirgrabov.com\/pl\/drenaz-limfatyczny\/\" \/>\n<meta property=\"og:site_name\" content=\"Eilionoir Grab\u00f6v\u00ae\ufe0f OBSAA - Odm\u0142odzenie Kom\u00f3rkowe\" \/>\n<meta property=\"article:modified_time\" content=\"2025-07-08T09:11:43+00:00\" \/>\n<meta property=\"og:image\" content=\"https:\/\/eilionoirgrabov.com\/wp-content\/uploads\/2025\/09\/cropped-Fav-1.png\" \/>\n\t<meta property=\"og:image:width\" content=\"512\" \/>\n\t<meta property=\"og:image:height\" content=\"512\" \/>\n\t<meta property=\"og:image:type\" content=\"image\/png\" \/>\n<meta name=\"twitter:card\" content=\"summary_large_image\" \/>\n<script type=\"application\/ld+json\" class=\"yoast-schema-graph\">{\"@context\":\"https:\/\/schema.org\",\"@graph\":[{\"@type\":\"WebPage\",\"@id\":\"https:\/\/eilionoirgrabov.com\/pl\/drenaz-limfatyczny\/\",\"url\":\"https:\/\/eilionoirgrabov.com\/pl\/drenaz-limfatyczny\/\",\"name\":\"Drena\u017c limfatyczny - Eilionoir Grab\u00f6v\u00ae\ufe0f OBSAA - Odm\u0142odzenie Kom\u00f3rkowe\",\"isPartOf\":{\"@id\":\"https:\/\/eilionoirgrabov.com\/#website\"},\"datePublished\":\"2025-06-27T13:49:08+00:00\",\"dateModified\":\"2025-07-08T09:11:43+00:00\",\"breadcrumb\":{\"@id\":\"https:\/\/eilionoirgrabov.com\/pl\/drenaz-limfatyczny\/#breadcrumb\"},\"inLanguage\":\"pl-PL\",\"potentialAction\":[{\"@type\":\"ReadAction\",\"target\":[\"https:\/\/eilionoirgrabov.com\/pl\/drenaz-limfatyczny\/\"]}]},{\"@type\":\"BreadcrumbList\",\"@id\":\"https:\/\/eilionoirgrabov.com\/pl\/drenaz-limfatyczny\/#breadcrumb\",\"itemListElement\":[{\"@type\":\"ListItem\",\"position\":1,\"name\":\"Home\",\"item\":\"https:\/\/eilionoirgrabov.com\/pl\/\"},{\"@type\":\"ListItem\",\"position\":2,\"name\":\"Drena\u017c limfatyczny\"}]},{\"@type\":\"WebSite\",\"@id\":\"https:\/\/eilionoirgrabov.com\/#website\",\"url\":\"https:\/\/eilionoirgrabov.com\/\",\"name\":\"Eilionoir Grab\u00f6v\",\"description\":\"\",\"publisher\":{\"@id\":\"https:\/\/eilionoirgrabov.com\/#organization\"},\"potentialAction\":[{\"@type\":\"SearchAction\",\"target\":{\"@type\":\"EntryPoint\",\"urlTemplate\":\"https:\/\/eilionoirgrabov.com\/?s={search_term_string}\"},\"query-input\":{\"@type\":\"PropertyValueSpecification\",\"valueRequired\":true,\"valueName\":\"search_term_string\"}}],\"inLanguage\":\"pl-PL\"},{\"@type\":\"Organization\",\"@id\":\"https:\/\/eilionoirgrabov.com\/#organization\",\"name\":\"Eilionoir Grab\u00f6v\",\"url\":\"https:\/\/eilionoirgrabov.com\/\",\"logo\":{\"@type\":\"ImageObject\",\"inLanguage\":\"pl-PL\",\"@id\":\"https:\/\/eilionoirgrabov.com\/#\/schema\/logo\/image\/\",\"url\":\"https:\/\/eilionoirgrabov.com\/wp-content\/uploads\/2025\/09\/cropped-Fav-1.png\",\"contentUrl\":\"https:\/\/eilionoirgrabov.com\/wp-content\/uploads\/2025\/09\/cropped-Fav-1.png\",\"width\":512,\"height\":512,\"caption\":\"Eilionoir Grab\u00f6v\"},\"image\":{\"@id\":\"https:\/\/eilionoirgrabov.com\/#\/schema\/logo\/image\/\"}}]}<\/script>\n<!-- \/ Yoast SEO plugin. -->","yoast_head_json":{"title":"Drena\u017c limfatyczny - Eilionoir Grab\u00f6v\u00ae\ufe0f OBSAA - Odm\u0142odzenie Kom\u00f3rkowe","robots":{"index":"index","follow":"follow","max-snippet":"max-snippet:-1","max-image-preview":"max-image-preview:large","max-video-preview":"max-video-preview:-1"},"canonical":"https:\/\/eilionoirgrabov.com\/pl\/drenaz-limfatyczny\/","og_locale":"pl_PL","og_type":"article","og_title":"Drena\u017c limfatyczny - Eilionoir Grab\u00f6v\u00ae\ufe0f OBSAA - Odm\u0142odzenie Kom\u00f3rkowe","og_url":"https:\/\/eilionoirgrabov.com\/pl\/drenaz-limfatyczny\/","og_site_name":"Eilionoir Grab\u00f6v\u00ae\ufe0f OBSAA - Odm\u0142odzenie Kom\u00f3rkowe","article_modified_time":"2025-07-08T09:11:43+00:00","og_image":[{"width":512,"height":512,"url":"https:\/\/eilionoirgrabov.com\/wp-content\/uploads\/2025\/09\/cropped-Fav-1.png","type":"image\/png"}],"twitter_card":"summary_large_image","schema":{"@context":"https:\/\/schema.org","@graph":[{"@type":"WebPage","@id":"https:\/\/eilionoirgrabov.com\/pl\/drenaz-limfatyczny\/","url":"https:\/\/eilionoirgrabov.com\/pl\/drenaz-limfatyczny\/","name":"Drena\u017c limfatyczny - Eilionoir Grab\u00f6v\u00ae\ufe0f OBSAA - Odm\u0142odzenie Kom\u00f3rkowe","isPartOf":{"@id":"https:\/\/eilionoirgrabov.com\/#website"},"datePublished":"2025-06-27T13:49:08+00:00","dateModified":"2025-07-08T09:11:43+00:00","breadcrumb":{"@id":"https:\/\/eilionoirgrabov.com\/pl\/drenaz-limfatyczny\/#breadcrumb"},"inLanguage":"pl-PL","potentialAction":[{"@type":"ReadAction","target":["https:\/\/eilionoirgrabov.com\/pl\/drenaz-limfatyczny\/"]}]},{"@type":"BreadcrumbList","@id":"https:\/\/eilionoirgrabov.com\/pl\/drenaz-limfatyczny\/#breadcrumb","itemListElement":[{"@type":"ListItem","position":1,"name":"Home","item":"https:\/\/eilionoirgrabov.com\/pl\/"},{"@type":"ListItem","position":2,"name":"Drena\u017c limfatyczny"}]},{"@type":"WebSite","@id":"https:\/\/eilionoirgrabov.com\/#website","url":"https:\/\/eilionoirgrabov.com\/","name":"Eilionoir Grab\u00f6v","description":"","publisher":{"@id":"https:\/\/eilionoirgrabov.com\/#organization"},"potentialAction":[{"@type":"SearchAction","target":{"@type":"EntryPoint","urlTemplate":"https:\/\/eilionoirgrabov.com\/?s={search_term_string}"},"query-input":{"@type":"PropertyValueSpecification","valueRequired":true,"valueName":"search_term_string"}}],"inLanguage":"pl-PL"},{"@type":"Organization","@id":"https:\/\/eilionoirgrabov.com\/#organization","name":"Eilionoir Grab\u00f6v","url":"https:\/\/eilionoirgrabov.com\/","logo":{"@type":"ImageObject","inLanguage":"pl-PL","@id":"https:\/\/eilionoirgrabov.com\/#\/schema\/logo\/image\/","url":"https:\/\/eilionoirgrabov.com\/wp-content\/uploads\/2025\/09\/cropped-Fav-1.png","contentUrl":"https:\/\/eilionoirgrabov.com\/wp-content\/uploads\/2025\/09\/cropped-Fav-1.png","width":512,"height":512,"caption":"Eilionoir Grab\u00f6v"},"image":{"@id":"https:\/\/eilionoirgrabov.com\/#\/schema\/logo\/image\/"}}]}},"jetpack_sharing_enabled":true,"_links":{"self":[{"href":"https:\/\/eilionoirgrabov.com\/pl\/wp-json\/wp\/v2\/pages\/2967","targetHints":{"allow":["GET"]}}],"collection":[{"href":"https:\/\/eilionoirgrabov.com\/pl\/wp-json\/wp\/v2\/pages"}],"about":[{"href":"https:\/\/eilionoirgrabov.com\/pl\/wp-json\/wp\/v2\/types\/page"}],"author":[{"embeddable":true,"href":"https:\/\/eilionoirgrabov.com\/pl\/wp-json\/wp\/v2\/users\/1"}],"replies":[{"embeddable":true,"href":"https:\/\/eilionoirgrabov.com\/pl\/wp-json\/wp\/v2\/comments?post=2967"}],"version-history":[{"count":12,"href":"https:\/\/eilionoirgrabov.com\/pl\/wp-json\/wp\/v2\/pages\/2967\/revisions"}],"predecessor-version":[{"id":4104,"href":"https:\/\/eilionoirgrabov.com\/pl\/wp-json\/wp\/v2\/pages\/2967\/revisions\/4104"}],"wp:attachment":[{"href":"https:\/\/eilionoirgrabov.com\/pl\/wp-json\/wp\/v2\/media?parent=2967"}],"curies":[{"name":"wp","href":"https:\/\/api.w.org\/{rel}","templated":true}]}}